{"id":218,"date":"2016-12-26T06:27:42","date_gmt":"2016-12-26T06:27:42","guid":{"rendered":"https:\/\/raratheme.com\/preview\/lawyer-landing-page\/?page_id=5"},"modified":"2022-01-16T07:37:47","modified_gmt":"2022-01-16T07:37:47","slug":"home","status":"publish","type":"page","link":"https:\/\/coinfomaestrat.com\/kit-digital\/","title":{"rendered":"Accede al Kit Digital con ayudas hasta 12.000\u20ac"},"content":{"rendered":"<ul>\n<li>Importes dependiendo del n\u00famero de trabajadores, incluso sin trabajadores.<\/li>\n<li>Para todos los sectores, especialmente micropymes y aut\u00f3nomos.<\/li>\n<li>Sin anticipar dinero, simplemente elije la soluci\u00f3n que prefieras.<\/li>\n<li>Sin papeleos, nosotros gestionamos las ayudas.<\/li>\n<li>Sin compromisos, s\u00f3lo elije la soluci\u00f3n digital que te interese.<\/li>\n<li>D\u00e9jate asesorar, podemos ayudarte en tu digitalizaci\u00f3n.<\/li>\n<li>Estamos aqu\u00ed, cerca de ti para resolver cualquier problema.<\/li>\n<\/ul>\n","protected":false},"excerpt":{"rendered":"<p>Importes dependiendo del n\u00famero de trabajadores, incluso sin trabajadores. Para todos los sectores, especialmente micropymes y aut\u00f3nomos. Sin anticipar dinero, simplemente elije la soluci\u00f3n que prefieras. Sin papeleos, nosotros gestionamos las ayudas. Sin compromisos, s\u00f3lo elije la soluci\u00f3n digital que &hellip; <\/p>\n","protected":false},"author":1,"featured_media":414,"parent":0,"menu_order":0,"comment_status":"closed","ping_status":"closed","template":"template-home.php","meta":{"footnotes":""},"class_list":["post-218","page","type-page","status-publish","has-post-thumbnail","hentry"],"_links":{"self":[{"href":"https:\/\/coinfomaestrat.com\/kit-digital\/wp-json\/wp\/v2\/pages\/218","targetHints":{"allow":["GET"]}}],"collection":[{"href":"https:\/\/coinfomaestrat.com\/kit-digital\/wp-json\/wp\/v2\/pages"}],"about":[{"href":"https:\/\/coinfomaestrat.com\/kit-digital\/wp-json\/wp\/v2\/types\/page"}],"author":[{"embeddable":true,"href":"https:\/\/coinfomaestrat.com\/kit-digital\/wp-json\/wp\/v2\/users\/1"}],"replies":[{"embeddable":true,"href":"https:\/\/coinfomaestrat.com\/kit-digital\/wp-json\/wp\/v2\/comments?post=218"}],"version-history":[{"count":4,"href":"https:\/\/coinfomaestrat.com\/kit-digital\/wp-json\/wp\/v2\/pages\/218\/revisions"}],"predecessor-version":[{"id":230,"href":"https:\/\/coinfomaestrat.com\/kit-digital\/wp-json\/wp\/v2\/pages\/218\/revisions\/230"}],"wp:featuredmedia":[{"embeddable":true,"href":"https:\/\/coinfomaestrat.com\/kit-digital\/wp-json\/wp\/v2\/media\/414"}],"wp:attachment":[{"href":"https:\/\/coinfomaestrat.com\/kit-digital\/wp-json\/wp\/v2\/media?parent=218"}],"curies":[{"name":"wp","href":"https:\/\/api.w.org\/{rel}","templated":true}]}}